{"id":238,"date":"2022-02-01T23:40:21","date_gmt":"2022-02-01T20:40:21","guid":{"rendered":"https:\/\/google.biz.tr\/uguraydin\/?page_id=238"},"modified":"2022-02-01T23:53:07","modified_gmt":"2022-02-01T20:53:07","slug":"galeri","status":"publish","type":"page","link":"https:\/\/uguraydinky.com.tr\/index.php\/galeri\/","title":{"rendered":"Galeri"},"content":{"rendered":"\t\t<div data-elementor-type=\"wp-page\" data-elementor-id=\"238\" class=\"elementor elementor-238\">\n\t\t\t\t\t\t<section class=\"elementor-section elementor-top-section elementor-element elementor-element-43c49fa5 elementor-section-boxed elementor-section-height-default elementor-section-height-default\" data-id=\"43c49fa5\" data-element_type=\"section\" data-settings=\"{&quot;background_background&quot;:&quot;classic&quot;,&quot;shape_divider_bottom&quot;:&quot;pyramids&quot;,&quot;shape_divider_bottom_negative&quot;:&quot;yes&quot;}\">\n\t\t\t\t\t\t\t<div class=\"elementor-background-overlay\"><\/div>\n\t\t\t\t\t\t<div class=\"elementor-shape elementor-shape-bottom\" aria-hidden=\"true\" data-negative=\"true\">\n\t\t\t<svg xmlns=\"http:\/\/www.w3.org\/2000\/svg\" viewBox=\"0 0 1000 100\" preserveAspectRatio=\"none\">\n\t<path class=\"elementor-shape-fill\" d=\"M761.9,40.6L643.1,24L333.9,93.8L0.1,1H0v99h1000V1\"\/>\n<\/svg>\t\t<\/div>\n\t\t\t\t\t<div class=\"elementor-container elementor-column-gap-no\">\n\t\t\t\t\t<div class=\"elementor-column elementor-col-100 elementor-top-column elementor-element elementor-element-7a361a49\" data-id=\"7a361a49\" data-element_type=\"column\">\n\t\t\t<div class=\"elementor-widget-wrap elementor-element-populated\">\n\t\t\t\t\t\t<div class=\"elementor-element elementor-element-7ad016dc elementor-widget elementor-widget-heading\" data-id=\"7ad016dc\" data-element_type=\"widget\" data-widget_type=\"heading.default\">\n\t\t\t\t<div class=\"elementor-widget-container\">\n\t\t\t\t\t<h2 class=\"elementor-heading-title elementor-size-default\">U\u011fur Ayd\u0131n Galeri<\/h2>\t\t\t\t<\/div>\n\t\t\t\t<\/div>\n\t\t\t\t\t<\/div>\n\t\t<\/div>\n\t\t\t\t\t<\/div>\n\t\t<\/section>\n\t\t\t\t<section class=\"elementor-section elementor-top-section elementor-element elementor-element-19cd42b elementor-section-boxed elementor-section-height-default elementor-section-height-default\" data-id=\"19cd42b\" data-element_type=\"section\">\n\t\t\t\t\t\t<div class=\"elementor-container elementor-column-gap-default\">\n\t\t\t\t\t<div class=\"elementor-column elementor-col-100 elementor-top-column elementor-element elementor-element-6d85ca2\" data-id=\"6d85ca2\" data-element_type=\"column\">\n\t\t\t<div class=\"elementor-widget-wrap elementor-element-populated\">\n\t\t\t\t\t\t<div class=\"elementor-element elementor-element-4391f7b elementor-widget elementor-widget-image-gallery\" data-id=\"4391f7b\" data-element_type=\"widget\" data-widget_type=\"image-gallery.default\">\n\t\t\t\t<div class=\"elementor-widget-container\">\n\t\t\t\t\t\t\t<div class=\"elementor-image-gallery\">\n\t\t\t<div id='gallery-1' class='gallery galleryid-238 gallery-columns-4 gallery-size-medium'><figure class='gallery-item'>\n\t\t\t<div class='gallery-icon portrait'>\n\t\t\t\t<a data-elementor-open-lightbox=\"yes\" data-elementor-lightbox-slideshow=\"4391f7b\" data-elementor-lightbox-title=\"kebapci-ugur-aydin\" data-e-action-hash=\"#elementor-action%3Aaction%3Dlightbox%26settings%3DeyJpZCI6MjQxLCJ1cmwiOiJodHRwczpcL1wvdWd1cmF5ZGlua3kuY29tLnRyXC93cC1jb250ZW50XC91cGxvYWRzXC8yMDIyXC8wMlwva2ViYXBjaS11Z3VyLWF5ZGluLmpwZyIsInNsaWRlc2hvdyI6IjQzOTFmN2IifQ%3D%3D\" href='https:\/\/uguraydinky.com.tr\/wp-content\/uploads\/2022\/02\/kebapci-ugur-aydin.jpg'><img fetchpriority=\"high\" decoding=\"async\" width=\"225\" height=\"300\" src=\"https:\/\/uguraydinky.com.tr\/wp-content\/uploads\/2022\/02\/kebapci-ugur-aydin-225x300.jpg\" class=\"attachment-medium size-medium\" alt=\"\" aria-describedby=\"gallery-1-241\" srcset=\"https:\/\/uguraydinky.com.tr\/wp-content\/uploads\/2022\/02\/kebapci-ugur-aydin-225x300.jpg 225w, https:\/\/uguraydinky.com.tr\/wp-content\/uploads\/2022\/02\/kebapci-ugur-aydin.jpg 576w\" sizes=\"(max-width: 225px) 100vw, 225px\" \/><\/a>\n\t\t\t<\/div>\n\t\t\t\t<figcaption class='wp-caption-text gallery-caption' id='gallery-1-241'>\n\t\t\t\tU\u011fur Ayd\u0131n \n\t\t\t\t<\/figcaption><\/figure><figure class='gallery-item'>\n\t\t\t<div class='gallery-icon portrait'>\n\t\t\t\t<a data-elementor-open-lightbox=\"yes\" data-elementor-lightbox-slideshow=\"4391f7b\" data-elementor-lightbox-title=\"kebapci-ugur-aydin-usta\" data-e-action-hash=\"#elementor-action%3Aaction%3Dlightbox%26settings%3DeyJpZCI6MjQyLCJ1cmwiOiJodHRwczpcL1wvdWd1cmF5ZGlua3kuY29tLnRyXC93cC1jb250ZW50XC91cGxvYWRzXC8yMDIyXC8wMlwva2ViYXBjaS11Z3VyLWF5ZGluLXVzdGEuanBnIiwic2xpZGVzaG93IjoiNDM5MWY3YiJ9\" href='https:\/\/uguraydinky.com.tr\/wp-content\/uploads\/2022\/02\/kebapci-ugur-aydin-usta.jpg'><img decoding=\"async\" width=\"225\" height=\"300\" src=\"https:\/\/uguraydinky.com.tr\/wp-content\/uploads\/2022\/02\/kebapci-ugur-aydin-usta-225x300.jpg\" class=\"attachment-medium size-medium\" alt=\"\" aria-describedby=\"gallery-1-242\" srcset=\"https:\/\/uguraydinky.com.tr\/wp-content\/uploads\/2022\/02\/kebapci-ugur-aydin-usta-225x300.jpg 225w, https:\/\/uguraydinky.com.tr\/wp-content\/uploads\/2022\/02\/kebapci-ugur-aydin-usta.jpg 576w\" sizes=\"(max-width: 225px) 100vw, 225px\" \/><\/a>\n\t\t\t<\/div>\n\t\t\t\t<figcaption class='wp-caption-text gallery-caption' id='gallery-1-242'>\n\t\t\t\tU\u011fur Ayd\u0131n \n\t\t\t\t<\/figcaption><\/figure><figure class='gallery-item'>\n\t\t\t<div class='gallery-icon portrait'>\n\t\t\t\t<a data-elementor-open-lightbox=\"yes\" data-elementor-lightbox-slideshow=\"4391f7b\" data-elementor-lightbox-title=\"meshur-kebapci-ugur-aydin\" data-e-action-hash=\"#elementor-action%3Aaction%3Dlightbox%26settings%3DeyJpZCI6MjQzLCJ1cmwiOiJodHRwczpcL1wvdWd1cmF5ZGlua3kuY29tLnRyXC93cC1jb250ZW50XC91cGxvYWRzXC8yMDIyXC8wMlwvbWVzaHVyLWtlYmFwY2ktdWd1ci1heWRpbi5qcGciLCJzbGlkZXNob3ciOiI0MzkxZjdiIn0%3D\" href='https:\/\/uguraydinky.com.tr\/wp-content\/uploads\/2022\/02\/meshur-kebapci-ugur-aydin.jpg'><img decoding=\"async\" width=\"225\" height=\"300\" src=\"https:\/\/uguraydinky.com.tr\/wp-content\/uploads\/2022\/02\/meshur-kebapci-ugur-aydin-225x300.jpg\" class=\"attachment-medium size-medium\" alt=\"\" aria-describedby=\"gallery-1-243\" srcset=\"https:\/\/uguraydinky.com.tr\/wp-content\/uploads\/2022\/02\/meshur-kebapci-ugur-aydin-225x300.jpg 225w, https:\/\/uguraydinky.com.tr\/wp-content\/uploads\/2022\/02\/meshur-kebapci-ugur-aydin.jpg 576w\" sizes=\"(max-width: 225px) 100vw, 225px\" \/><\/a>\n\t\t\t<\/div>\n\t\t\t\t<figcaption class='wp-caption-text gallery-caption' id='gallery-1-243'>\n\t\t\t\tU\u011fur Ayd\u0131n Kaburgac\u0131 Ya\u015far\n\t\t\t\t<\/figcaption><\/figure><figure class='gallery-item'>\n\t\t\t<div class='gallery-icon portrait'>\n\t\t\t\t<a data-elementor-open-lightbox=\"yes\" data-elementor-lightbox-slideshow=\"4391f7b\" data-elementor-lightbox-title=\"ugur-aydin-2022\" data-e-action-hash=\"#elementor-action%3Aaction%3Dlightbox%26settings%3DeyJpZCI6MjQ0LCJ1cmwiOiJodHRwczpcL1wvdWd1cmF5ZGlua3kuY29tLnRyXC93cC1jb250ZW50XC91cGxvYWRzXC8yMDIyXC8wMlwvdWd1ci1heWRpbi0yMDIyLmpwZyIsInNsaWRlc2hvdyI6IjQzOTFmN2IifQ%3D%3D\" href='https:\/\/uguraydinky.com.tr\/wp-content\/uploads\/2022\/02\/ugur-aydin-2022.jpg'><img loading=\"lazy\" decoding=\"async\" width=\"225\" height=\"300\" src=\"https:\/\/uguraydinky.com.tr\/wp-content\/uploads\/2022\/02\/ugur-aydin-2022-225x300.jpg\" class=\"attachment-medium size-medium\" alt=\"\" aria-describedby=\"gallery-1-244\" srcset=\"https:\/\/uguraydinky.com.tr\/wp-content\/uploads\/2022\/02\/ugur-aydin-2022-225x300.jpg 225w, https:\/\/uguraydinky.com.tr\/wp-content\/uploads\/2022\/02\/ugur-aydin-2022.jpg 576w\" sizes=\"(max-width: 225px) 100vw, 225px\" \/><\/a>\n\t\t\t<\/div>\n\t\t\t\t<figcaption class='wp-caption-text gallery-caption' id='gallery-1-244'>\n\t\t\t\tU\u011fur Ayd\u0131n Kaburgac\u0131 Ya\u015far\n\t\t\t\t<\/figcaption><\/figure><figure class='gallery-item'>\n\t\t\t<div class='gallery-icon portrait'>\n\t\t\t\t<a data-elementor-open-lightbox=\"yes\" data-elementor-lightbox-slideshow=\"4391f7b\" data-elementor-lightbox-title=\"ugur-aydin-adana\" data-e-action-hash=\"#elementor-action%3Aaction%3Dlightbox%26settings%3DeyJpZCI6MjQ1LCJ1cmwiOiJodHRwczpcL1wvdWd1cmF5ZGlua3kuY29tLnRyXC93cC1jb250ZW50XC91cGxvYWRzXC8yMDIyXC8wMlwvdWd1ci1heWRpbi1hZGFuYS5qcGciLCJzbGlkZXNob3ciOiI0MzkxZjdiIn0%3D\" href='https:\/\/uguraydinky.com.tr\/wp-content\/uploads\/2022\/02\/ugur-aydin-adana.jpg'><img loading=\"lazy\" decoding=\"async\" width=\"225\" height=\"300\" src=\"https:\/\/uguraydinky.com.tr\/wp-content\/uploads\/2022\/02\/ugur-aydin-adana-225x300.jpg\" class=\"attachment-medium size-medium\" alt=\"\" aria-describedby=\"gallery-1-245\" srcset=\"https:\/\/uguraydinky.com.tr\/wp-content\/uploads\/2022\/02\/ugur-aydin-adana-225x300.jpg 225w, https:\/\/uguraydinky.com.tr\/wp-content\/uploads\/2022\/02\/ugur-aydin-adana.jpg 576w\" sizes=\"(max-width: 225px) 100vw, 225px\" \/><\/a>\n\t\t\t<\/div>\n\t\t\t\t<figcaption class='wp-caption-text gallery-caption' id='gallery-1-245'>\n\t\t\t\tU\u011fur Ayd\u0131n\n\t\t\t\t<\/figcaption><\/figure><figure class='gallery-item'>\n\t\t\t<div class='gallery-icon portrait'>\n\t\t\t\t<a data-elementor-open-lightbox=\"yes\" data-elementor-lightbox-slideshow=\"4391f7b\" data-elementor-lightbox-title=\"ugur-aydin-adana2\" data-e-action-hash=\"#elementor-action%3Aaction%3Dlightbox%26settings%3DeyJpZCI6MjQ2LCJ1cmwiOiJodHRwczpcL1wvdWd1cmF5ZGlua3kuY29tLnRyXC93cC1jb250ZW50XC91cGxvYWRzXC8yMDIyXC8wMlwvdWd1ci1heWRpbi1hZGFuYTIuanBnIiwic2xpZGVzaG93IjoiNDM5MWY3YiJ9\" href='https:\/\/uguraydinky.com.tr\/wp-content\/uploads\/2022\/02\/ugur-aydin-adana2.jpg'><img loading=\"lazy\" decoding=\"async\" width=\"225\" height=\"300\" src=\"https:\/\/uguraydinky.com.tr\/wp-content\/uploads\/2022\/02\/ugur-aydin-adana2-225x300.jpg\" class=\"attachment-medium size-medium\" alt=\"\" aria-describedby=\"gallery-1-246\" srcset=\"https:\/\/uguraydinky.com.tr\/wp-content\/uploads\/2022\/02\/ugur-aydin-adana2-225x300.jpg 225w, https:\/\/uguraydinky.com.tr\/wp-content\/uploads\/2022\/02\/ugur-aydin-adana2.jpg 576w\" sizes=\"(max-width: 225px) 100vw, 225px\" \/><\/a>\n\t\t\t<\/div>\n\t\t\t\t<figcaption class='wp-caption-text gallery-caption' id='gallery-1-246'>\n\t\t\t\tU\u011fur Ayd\u0131n\n\t\t\t\t<\/figcaption><\/figure><figure class='gallery-item'>\n\t\t\t<div class='gallery-icon portrait'>\n\t\t\t\t<a data-elementor-open-lightbox=\"yes\" data-elementor-lightbox-slideshow=\"4391f7b\" data-elementor-lightbox-title=\"ugur-aydin-adana-kaburgaci-yasar\" data-e-action-hash=\"#elementor-action%3Aaction%3Dlightbox%26settings%3DeyJpZCI6MjQ3LCJ1cmwiOiJodHRwczpcL1wvdWd1cmF5ZGlua3kuY29tLnRyXC93cC1jb250ZW50XC91cGxvYWRzXC8yMDIyXC8wMlwvdWd1ci1heWRpbi1hZGFuYS1rYWJ1cmdhY2kteWFzYXIuanBnIiwic2xpZGVzaG93IjoiNDM5MWY3YiJ9\" data-elementor-lightbox-description=\"U\u011fur Ayd\u0131n\" href='https:\/\/uguraydinky.com.tr\/wp-content\/uploads\/2022\/02\/ugur-aydin-adana-kaburgaci-yasar.jpg'><img loading=\"lazy\" decoding=\"async\" width=\"225\" height=\"300\" src=\"https:\/\/uguraydinky.com.tr\/wp-content\/uploads\/2022\/02\/ugur-aydin-adana-kaburgaci-yasar-225x300.jpg\" class=\"attachment-medium size-medium\" alt=\"U\u011fur Ayd\u0131n\" aria-describedby=\"gallery-1-247\" srcset=\"https:\/\/uguraydinky.com.tr\/wp-content\/uploads\/2022\/02\/ugur-aydin-adana-kaburgaci-yasar-225x300.jpg 225w, https:\/\/uguraydinky.com.tr\/wp-content\/uploads\/2022\/02\/ugur-aydin-adana-kaburgaci-yasar.jpg 576w\" sizes=\"(max-width: 225px) 100vw, 225px\" \/><\/a>\n\t\t\t<\/div>\n\t\t\t\t<figcaption class='wp-caption-text gallery-caption' id='gallery-1-247'>\n\t\t\t\tU\u011fur Ayd\u0131n\n\t\t\t\t<\/figcaption><\/figure><figure class='gallery-item'>\n\t\t\t<div class='gallery-icon portrait'>\n\t\t\t\t<a data-elementor-open-lightbox=\"yes\" data-elementor-lightbox-slideshow=\"4391f7b\" data-elementor-lightbox-title=\"ugur-aydin-adana-kebap (2)\" data-e-action-hash=\"#elementor-action%3Aaction%3Dlightbox%26settings%3DeyJpZCI6MjQ4LCJ1cmwiOiJodHRwczpcL1wvdWd1cmF5ZGlua3kuY29tLnRyXC93cC1jb250ZW50XC91cGxvYWRzXC8yMDIyXC8wMlwvdWd1ci1heWRpbi1hZGFuYS1rZWJhcC0yLmpwZyIsInNsaWRlc2hvdyI6IjQzOTFmN2IifQ%3D%3D\" data-elementor-lightbox-description=\"U\u011fur Ayd\u0131n\" href='https:\/\/uguraydinky.com.tr\/wp-content\/uploads\/2022\/02\/ugur-aydin-adana-kebap-2.jpg'><img loading=\"lazy\" decoding=\"async\" width=\"225\" height=\"300\" src=\"https:\/\/uguraydinky.com.tr\/wp-content\/uploads\/2022\/02\/ugur-aydin-adana-kebap-2-225x300.jpg\" class=\"attachment-medium size-medium\" alt=\"\" aria-describedby=\"gallery-1-248\" srcset=\"https:\/\/uguraydinky.com.tr\/wp-content\/uploads\/2022\/02\/ugur-aydin-adana-kebap-2-225x300.jpg 225w, https:\/\/uguraydinky.com.tr\/wp-content\/uploads\/2022\/02\/ugur-aydin-adana-kebap-2.jpg 576w\" sizes=\"(max-width: 225px) 100vw, 225px\" \/><\/a>\n\t\t\t<\/div>\n\t\t\t\t<figcaption class='wp-caption-text gallery-caption' id='gallery-1-248'>\n\t\t\t\tU\u011fur Ayd\u0131n\n\t\t\t\t<\/figcaption><\/figure><figure class='gallery-item'>\n\t\t\t<div class='gallery-icon portrait'>\n\t\t\t\t<a data-elementor-open-lightbox=\"yes\" data-elementor-lightbox-slideshow=\"4391f7b\" data-elementor-lightbox-title=\"ugur-aydin-adana-kebap\" data-e-action-hash=\"#elementor-action%3Aaction%3Dlightbox%26settings%3DeyJpZCI6MjQ5LCJ1cmwiOiJodHRwczpcL1wvdWd1cmF5ZGlua3kuY29tLnRyXC93cC1jb250ZW50XC91cGxvYWRzXC8yMDIyXC8wMlwvdWd1ci1heWRpbi1hZGFuYS1rZWJhcC5qcGciLCJzbGlkZXNob3ciOiI0MzkxZjdiIn0%3D\" data-elementor-lightbox-description=\"U\u011fur Ayd\u0131n\" href='https:\/\/uguraydinky.com.tr\/wp-content\/uploads\/2022\/02\/ugur-aydin-adana-kebap.jpg'><img loading=\"lazy\" decoding=\"async\" width=\"225\" height=\"300\" src=\"https:\/\/uguraydinky.com.tr\/wp-content\/uploads\/2022\/02\/ugur-aydin-adana-kebap-225x300.jpg\" class=\"attachment-medium size-medium\" alt=\"\" aria-describedby=\"gallery-1-249\" srcset=\"https:\/\/uguraydinky.com.tr\/wp-content\/uploads\/2022\/02\/ugur-aydin-adana-kebap-225x300.jpg 225w, https:\/\/uguraydinky.com.tr\/wp-content\/uploads\/2022\/02\/ugur-aydin-adana-kebap.jpg 576w\" sizes=\"(max-width: 225px) 100vw, 225px\" \/><\/a>\n\t\t\t<\/div>\n\t\t\t\t<figcaption class='wp-caption-text gallery-caption' id='gallery-1-249'>\n\t\t\t\tU\u011fur Ayd\u0131n\n\t\t\t\t<\/figcaption><\/figure><figure class='gallery-item'>\n\t\t\t<div class='gallery-icon portrait'>\n\t\t\t\t<a data-elementor-open-lightbox=\"yes\" data-elementor-lightbox-slideshow=\"4391f7b\" data-elementor-lightbox-title=\"ugur-aydin-kaburgaci-yasar\" data-e-action-hash=\"#elementor-action%3Aaction%3Dlightbox%26settings%3DeyJpZCI6MjUwLCJ1cmwiOiJodHRwczpcL1wvdWd1cmF5ZGlua3kuY29tLnRyXC93cC1jb250ZW50XC91cGxvYWRzXC8yMDIyXC8wMlwvdWd1ci1heWRpbi1rYWJ1cmdhY2kteWFzYXIuanBnIiwic2xpZGVzaG93IjoiNDM5MWY3YiJ9\" data-elementor-lightbox-description=\"U\u011fur Ayd\u0131n\" href='https:\/\/uguraydinky.com.tr\/wp-content\/uploads\/2022\/02\/ugur-aydin-kaburgaci-yasar.jpg'><img loading=\"lazy\" decoding=\"async\" width=\"225\" height=\"300\" src=\"https:\/\/uguraydinky.com.tr\/wp-content\/uploads\/2022\/02\/ugur-aydin-kaburgaci-yasar-225x300.jpg\" class=\"attachment-medium size-medium\" alt=\"Boru Kebab\u0131\" aria-describedby=\"gallery-1-250\" srcset=\"https:\/\/uguraydinky.com.tr\/wp-content\/uploads\/2022\/02\/ugur-aydin-kaburgaci-yasar-225x300.jpg 225w, https:\/\/uguraydinky.com.tr\/wp-content\/uploads\/2022\/02\/ugur-aydin-kaburgaci-yasar.jpg 576w\" sizes=\"(max-width: 225px) 100vw, 225px\" \/><\/a>\n\t\t\t<\/div>\n\t\t\t\t<figcaption class='wp-caption-text gallery-caption' id='gallery-1-250'>\n\t\t\t\tU\u011fur Ayd\u0131n\n\t\t\t\t<\/figcaption><\/figure><figure class='gallery-item'>\n\t\t\t<div class='gallery-icon portrait'>\n\t\t\t\t<a data-elementor-open-lightbox=\"yes\" data-elementor-lightbox-slideshow=\"4391f7b\" data-elementor-lightbox-title=\"ugur-aydin-kebapci\" data-e-action-hash=\"#elementor-action%3Aaction%3Dlightbox%26settings%3DeyJpZCI6MjUxLCJ1cmwiOiJodHRwczpcL1wvdWd1cmF5ZGlua3kuY29tLnRyXC93cC1jb250ZW50XC91cGxvYWRzXC8yMDIyXC8wMlwvdWd1ci1heWRpbi1rZWJhcGNpLmpwZyIsInNsaWRlc2hvdyI6IjQzOTFmN2IifQ%3D%3D\" data-elementor-lightbox-description=\"U\u011fur Ayd\u0131n\" href='https:\/\/uguraydinky.com.tr\/wp-content\/uploads\/2022\/02\/ugur-aydin-kebapci.jpg'><img loading=\"lazy\" decoding=\"async\" width=\"225\" height=\"300\" src=\"https:\/\/uguraydinky.com.tr\/wp-content\/uploads\/2022\/02\/ugur-aydin-kebapci-225x300.jpg\" class=\"attachment-medium size-medium\" alt=\"Boru Kebab\u0131\" aria-describedby=\"gallery-1-251\" srcset=\"https:\/\/uguraydinky.com.tr\/wp-content\/uploads\/2022\/02\/ugur-aydin-kebapci-225x300.jpg 225w, https:\/\/uguraydinky.com.tr\/wp-content\/uploads\/2022\/02\/ugur-aydin-kebapci.jpg 576w\" sizes=\"(max-width: 225px) 100vw, 225px\" \/><\/a>\n\t\t\t<\/div>\n\t\t\t\t<figcaption class='wp-caption-text gallery-caption' id='gallery-1-251'>\n\t\t\t\tU\u011fur Ayd\u0131n\n\t\t\t\t<\/figcaption><\/figure><figure class='gallery-item'>\n\t\t\t<div class='gallery-icon portrait'>\n\t\t\t\t<a data-elementor-open-lightbox=\"yes\" data-elementor-lightbox-slideshow=\"4391f7b\" data-elementor-lightbox-title=\"ugur-aydin-kimdir\" data-e-action-hash=\"#elementor-action%3Aaction%3Dlightbox%26settings%3DeyJpZCI6MjUyLCJ1cmwiOiJodHRwczpcL1wvdWd1cmF5ZGlua3kuY29tLnRyXC93cC1jb250ZW50XC91cGxvYWRzXC8yMDIyXC8wMlwvdWd1ci1heWRpbi1raW1kaXIuanBnIiwic2xpZGVzaG93IjoiNDM5MWY3YiJ9\" data-elementor-lightbox-description=\"U\u011fur Ayd\u0131n\" href='https:\/\/uguraydinky.com.tr\/wp-content\/uploads\/2022\/02\/ugur-aydin-kimdir.jpg'><img loading=\"lazy\" decoding=\"async\" width=\"225\" height=\"300\" src=\"https:\/\/uguraydinky.com.tr\/wp-content\/uploads\/2022\/02\/ugur-aydin-kimdir-225x300.jpg\" class=\"attachment-medium size-medium\" alt=\"Boru Kebab\u0131\" aria-describedby=\"gallery-1-252\" srcset=\"https:\/\/uguraydinky.com.tr\/wp-content\/uploads\/2022\/02\/ugur-aydin-kimdir-225x300.jpg 225w, https:\/\/uguraydinky.com.tr\/wp-content\/uploads\/2022\/02\/ugur-aydin-kimdir.jpg 576w\" sizes=\"(max-width: 225px) 100vw, 225px\" \/><\/a>\n\t\t\t<\/div>\n\t\t\t\t<figcaption class='wp-caption-text gallery-caption' id='gallery-1-252'>\n\t\t\t\tU\u011fur Ayd\u0131n\n\t\t\t\t<\/figcaption><\/figure><figure class='gallery-item'>\n\t\t\t<div class='gallery-icon portrait'>\n\t\t\t\t<a data-elementor-open-lightbox=\"yes\" data-elementor-lightbox-slideshow=\"4391f7b\" data-elementor-lightbox-title=\"ugur-aydin-resimleri\" data-e-action-hash=\"#elementor-action%3Aaction%3Dlightbox%26settings%3DeyJpZCI6MjUzLCJ1cmwiOiJodHRwczpcL1wvdWd1cmF5ZGlua3kuY29tLnRyXC93cC1jb250ZW50XC91cGxvYWRzXC8yMDIyXC8wMlwvdWd1ci1heWRpbi1yZXNpbWxlcmkuanBnIiwic2xpZGVzaG93IjoiNDM5MWY3YiJ9\" data-elementor-lightbox-description=\"U\u011fur Ayd\u0131n\" href='https:\/\/uguraydinky.com.tr\/wp-content\/uploads\/2022\/02\/ugur-aydin-resimleri.jpg'><img loading=\"lazy\" decoding=\"async\" width=\"225\" height=\"300\" src=\"https:\/\/uguraydinky.com.tr\/wp-content\/uploads\/2022\/02\/ugur-aydin-resimleri-225x300.jpg\" class=\"attachment-medium size-medium\" alt=\"\" aria-describedby=\"gallery-1-253\" srcset=\"https:\/\/uguraydinky.com.tr\/wp-content\/uploads\/2022\/02\/ugur-aydin-resimleri-225x300.jpg 225w, https:\/\/uguraydinky.com.tr\/wp-content\/uploads\/2022\/02\/ugur-aydin-resimleri.jpg 576w\" sizes=\"(max-width: 225px) 100vw, 225px\" \/><\/a>\n\t\t\t<\/div>\n\t\t\t\t<figcaption class='wp-caption-text gallery-caption' id='gallery-1-253'>\n\t\t\t\tU\u011fur Ayd\u0131n\n\t\t\t\t<\/figcaption><\/figure><figure class='gallery-item'>\n\t\t\t<div class='gallery-icon portrait'>\n\t\t\t\t<a data-elementor-open-lightbox=\"yes\" data-elementor-lightbox-slideshow=\"4391f7b\" data-elementor-lightbox-title=\"ugur-aydin-tanitim\" data-e-action-hash=\"#elementor-action%3Aaction%3Dlightbox%26settings%3DeyJpZCI6MjU0LCJ1cmwiOiJodHRwczpcL1wvdWd1cmF5ZGlua3kuY29tLnRyXC93cC1jb250ZW50XC91cGxvYWRzXC8yMDIyXC8wMlwvdWd1ci1heWRpbi10YW5pdGltLmpwZyIsInNsaWRlc2hvdyI6IjQzOTFmN2IifQ%3D%3D\" data-elementor-lightbox-description=\"U\u011fur Ayd\u0131n\" href='https:\/\/uguraydinky.com.tr\/wp-content\/uploads\/2022\/02\/ugur-aydin-tanitim.jpg'><img loading=\"lazy\" decoding=\"async\" width=\"225\" height=\"300\" src=\"https:\/\/uguraydinky.com.tr\/wp-content\/uploads\/2022\/02\/ugur-aydin-tanitim-225x300.jpg\" class=\"attachment-medium size-medium\" alt=\"\" aria-describedby=\"gallery-1-254\" srcset=\"https:\/\/uguraydinky.com.tr\/wp-content\/uploads\/2022\/02\/ugur-aydin-tanitim-225x300.jpg 225w, https:\/\/uguraydinky.com.tr\/wp-content\/uploads\/2022\/02\/ugur-aydin-tanitim.jpg 576w\" sizes=\"(max-width: 225px) 100vw, 225px\" \/><\/a>\n\t\t\t<\/div>\n\t\t\t\t<figcaption class='wp-caption-text gallery-caption' id='gallery-1-254'>\n\t\t\t\tU\u011fur Ayd\u0131n\n\t\t\t\t<\/figcaption><\/figure><figure class='gallery-item'>\n\t\t\t<div class='gallery-icon portrait'>\n\t\t\t\t<a data-elementor-open-lightbox=\"yes\" data-elementor-lightbox-slideshow=\"4391f7b\" data-elementor-lightbox-title=\"ugur-aydin-web-sitesi\" data-e-action-hash=\"#elementor-action%3Aaction%3Dlightbox%26settings%3DeyJpZCI6MjU1LCJ1cmwiOiJodHRwczpcL1wvdWd1cmF5ZGlua3kuY29tLnRyXC93cC1jb250ZW50XC91cGxvYWRzXC8yMDIyXC8wMlwvdWd1ci1heWRpbi13ZWItc2l0ZXNpLmpwZyIsInNsaWRlc2hvdyI6IjQzOTFmN2IifQ%3D%3D\" data-elementor-lightbox-description=\"U\u011fur Ayd\u0131n\" href='https:\/\/uguraydinky.com.tr\/wp-content\/uploads\/2022\/02\/ugur-aydin-web-sitesi.jpg'><img loading=\"lazy\" decoding=\"async\" width=\"225\" height=\"300\" src=\"https:\/\/uguraydinky.com.tr\/wp-content\/uploads\/2022\/02\/ugur-aydin-web-sitesi-225x300.jpg\" class=\"attachment-medium size-medium\" alt=\"U\u011fur Ayd\u0131n\" aria-describedby=\"gallery-1-255\" srcset=\"https:\/\/uguraydinky.com.tr\/wp-content\/uploads\/2022\/02\/ugur-aydin-web-sitesi-225x300.jpg 225w, https:\/\/uguraydinky.com.tr\/wp-content\/uploads\/2022\/02\/ugur-aydin-web-sitesi.jpg 576w\" sizes=\"(max-width: 225px) 100vw, 225px\" \/><\/a>\n\t\t\t<\/div>\n\t\t\t\t<figcaption class='wp-caption-text gallery-caption' id='gallery-1-255'>\n\t\t\t\tU\u011fur Ayd\u0131n\n\t\t\t\t<\/figcaption><\/figure><figure class='gallery-item'>\n\t\t\t<div class='gallery-icon portrait'>\n\t\t\t\t<a data-elementor-open-lightbox=\"yes\" data-elementor-lightbox-slideshow=\"4391f7b\" data-elementor-lightbox-title=\"ugur-aydin-yasar-usta\" data-e-action-hash=\"#elementor-action%3Aaction%3Dlightbox%26settings%3DeyJpZCI6MjU2LCJ1cmwiOiJodHRwczpcL1wvdWd1cmF5ZGlua3kuY29tLnRyXC93cC1jb250ZW50XC91cGxvYWRzXC8yMDIyXC8wMlwvdWd1ci1heWRpbi15YXNhci11c3RhLmpwZyIsInNsaWRlc2hvdyI6IjQzOTFmN2IifQ%3D%3D\" data-elementor-lightbox-description=\"U\u011fur Ayd\u0131n\" href='https:\/\/uguraydinky.com.tr\/wp-content\/uploads\/2022\/02\/ugur-aydin-yasar-usta.jpg'><img loading=\"lazy\" decoding=\"async\" width=\"225\" height=\"300\" src=\"https:\/\/uguraydinky.com.tr\/wp-content\/uploads\/2022\/02\/ugur-aydin-yasar-usta-225x300.jpg\" class=\"attachment-medium size-medium\" alt=\"U\u011fur Ayd\u0131n\" aria-describedby=\"gallery-1-256\" srcset=\"https:\/\/uguraydinky.com.tr\/wp-content\/uploads\/2022\/02\/ugur-aydin-yasar-usta-225x300.jpg 225w, https:\/\/uguraydinky.com.tr\/wp-content\/uploads\/2022\/02\/ugur-aydin-yasar-usta.jpg 576w\" sizes=\"(max-width: 225px) 100vw, 225px\" \/><\/a>\n\t\t\t<\/div>\n\t\t\t\t<figcaption class='wp-caption-text gallery-caption' id='gallery-1-256'>\n\t\t\t\tU\u011fur Ayd\u0131n\n\t\t\t\t<\/figcaption><\/figure><figure class='gallery-item'>\n\t\t\t<div class='gallery-icon portrait'>\n\t\t\t\t<a data-elementor-open-lightbox=\"yes\" data-elementor-lightbox-slideshow=\"4391f7b\" data-elementor-lightbox-title=\"ugur-aydin-yein-resimler\" data-e-action-hash=\"#elementor-action%3Aaction%3Dlightbox%26settings%3DeyJpZCI6MjU3LCJ1cmwiOiJodHRwczpcL1wvdWd1cmF5ZGlua3kuY29tLnRyXC93cC1jb250ZW50XC91cGxvYWRzXC8yMDIyXC8wMlwvdWd1ci1heWRpbi15ZWluLXJlc2ltbGVyLmpwZyIsInNsaWRlc2hvdyI6IjQzOTFmN2IifQ%3D%3D\" data-elementor-lightbox-description=\"U\u011fur Ayd\u0131n\" href='https:\/\/uguraydinky.com.tr\/wp-content\/uploads\/2022\/02\/ugur-aydin-yein-resimler.jpg'><img loading=\"lazy\" decoding=\"async\" width=\"240\" height=\"300\" src=\"https:\/\/uguraydinky.com.tr\/wp-content\/uploads\/2022\/02\/ugur-aydin-yein-resimler-240x300.jpg\" class=\"attachment-medium size-medium\" alt=\"\" aria-describedby=\"gallery-1-257\" srcset=\"https:\/\/uguraydinky.com.tr\/wp-content\/uploads\/2022\/02\/ugur-aydin-yein-resimler-240x300.jpg 240w, https:\/\/uguraydinky.com.tr\/wp-content\/uploads\/2022\/02\/ugur-aydin-yein-resimler.jpg 614w\" sizes=\"(max-width: 240px) 100vw, 240px\" \/><\/a>\n\t\t\t<\/div>\n\t\t\t\t<figcaption class='wp-caption-text gallery-caption' id='gallery-1-257'>\n\t\t\t\tU\u011fur Ayd\u0131n\n\t\t\t\t<\/figcaption><\/figure>\n\t\t<\/div>\n\t\t<\/div>\n\t\t\t\t\t\t<\/div>\n\t\t\t\t<\/div>\n\t\t\t\t\t<\/div>\n\t\t<\/div>\n\t\t\t\t\t<\/div>\n\t\t<\/section>\n\t\t\t\t<\/div>\n\t\t","protected":false},"excerpt":{"rendered":"<p>U\u011fur Ayd\u0131n Galeri U\u011fur Ayd\u0131n U\u011fur Ayd\u0131n U\u011fur Ayd\u0131n Kaburgac\u0131 Ya\u015far U\u011fur Ayd\u0131n Kaburgac\u0131 Ya\u015far U\u011fur Ayd\u0131n U\u011fur Ayd\u0131n U\u011fur Ayd\u0131n U\u011fur Ayd\u0131n U\u011fur Ayd\u0131n U\u011fur Ayd\u0131n U\u011fur Ayd\u0131n U\u011fur Ayd\u0131n U\u011fur Ayd\u0131n U\u011fur Ayd\u0131n U\u011fur Ayd\u0131n U\u011fur Ayd\u0131n U\u011fur Ayd\u0131n<\/p>\n","protected":false},"author":1,"featured_media":0,"parent":0,"menu_order":0,"comment_status":"closed","ping_status":"closed","template":"","meta":{"footnotes":""},"class_list":["post-238","page","type-page","status-publish","hentry"],"_links":{"self":[{"href":"https:\/\/uguraydinky.com.tr\/index.php\/wp-json\/wp\/v2\/pages\/238","targetHints":{"allow":["GET"]}}],"collection":[{"href":"https:\/\/uguraydinky.com.tr\/index.php\/wp-json\/wp\/v2\/pages"}],"about":[{"href":"https:\/\/uguraydinky.com.tr\/index.php\/wp-json\/wp\/v2\/types\/page"}],"author":[{"embeddable":true,"href":"https:\/\/uguraydinky.com.tr\/index.php\/wp-json\/wp\/v2\/users\/1"}],"replies":[{"embeddable":true,"href":"https:\/\/uguraydinky.com.tr\/index.php\/wp-json\/wp\/v2\/comments?post=238"}],"version-history":[{"count":18,"href":"https:\/\/uguraydinky.com.tr\/index.php\/wp-json\/wp\/v2\/pages\/238\/revisions"}],"predecessor-version":[{"id":274,"href":"https:\/\/uguraydinky.com.tr\/index.php\/wp-json\/wp\/v2\/pages\/238\/revisions\/274"}],"wp:attachment":[{"href":"https:\/\/uguraydinky.com.tr\/index.php\/wp-json\/wp\/v2\/media?parent=238"}],"curies":[{"name":"wp","href":"https:\/\/api.w.org\/{rel}","templated":true}]}}